{"id":240,"date":"2026-01-23T15:14:38","date_gmt":"2026-01-23T15:14:38","guid":{"rendered":"http:\/\/www.regenlabprp.com\/?page_id=240"},"modified":"2026-01-30T17:38:16","modified_gmt":"2026-01-30T17:38:16","slug":"uygulama-alanlari-diger-uygulama-alanlari","status":"publish","type":"page","link":"https:\/\/www.regenlabprp.com\/index.php\/uygulama-alanlari-diger-uygulama-alanlari\/","title":{"rendered":"Di\u011fer Uygulama Alanlar\u0131"},"content":{"rendered":"\n<figure class=\"wp-block-image aligncenter size-full\"><img loading=\"lazy\" decoding=\"async\" width=\"322\" height=\"217\" src=\"http:\/\/www.regenlabprp.com\/wp-content\/uploads\/2026\/01\/image-19.png\" alt=\"\" class=\"wp-image-241\" srcset=\"https:\/\/www.regenlabprp.com\/wp-content\/uploads\/2026\/01\/image-19.png 322w, https:\/\/www.regenlabprp.com\/wp-content\/uploads\/2026\/01\/image-19-300x202.png 300w\" sizes=\"auto, (max-width: 322px) 100vw, 322px\" \/><\/figure>\n\n\n\n<p><strong>IVF Tedavisine Destek Ama\u00e7l\u0131 PRP Uygulamas\u0131<\/strong><\/p>\n\n\n\n<p>PRP tedavisi menopoz ve perimenopozal&nbsp; kad\u0131nlarda adet d\u00f6ng\u00fcs\u00fcn\u00fc ve folik\u00fclojenezi iyile\u015ftirmek i\u00e7in uygulan\u0131r.<\/p>\n\n\n\n<p>PRP tedavisi (Otolog Platelet Y\u00f6n\u00fcnden Zengin Plazma), hastan\u0131n trombositlerle zenginle\u015ftirilmi\u015f kendi kan plazmas\u0131yla &#8211; \u00e7ok say\u0131da b\u00fcy\u00fcme fakt\u00f6r\u00fcne sahip bir\u00e7ok alfa gran\u00fcl i\u00e7erirler- yap\u0131lan tedavidir. B\u00fcy\u00fcme fakt\u00f6rleri doku yenilenmesinde anahtar rol oynar, h\u00fccre b\u00fcy\u00fcmesini aktive eder ve yenilenmesini sa\u011flar. Hasarl\u0131 veya atrofiye olmu\u015f dokulara y\u00fcksek konsantrasyonlu trombosit kaynakl\u0131 fakt\u00f6rler enjekte edildi\u011finde dokular\u0131n iyile\u015fme ve yenilenme s\u00fcre\u00e7leri devreye girer. Trombositten zengin plazma b\u00fcy\u00fcme fakt\u00f6rlerinin overlerde folik\u00fcl ov\u00fclasyonunu uyard\u0131\u011f\u0131 d\u00fc\u015f\u00fcn\u00fclmektedir.<\/p>\n\n\n\n<p><strong>Jinekolojide PRP uygulamas\u0131<\/strong><\/p>\n\n\n\n<ul class=\"wp-block-list\">\n<li>Kronik endometrit ve endometriozis\u2019de alternatif bir tedavi y\u00f6ntemidir. Bu hastal\u0131klar, hem do\u011fal gebelik hem de IVF d\u00f6ng\u00fclerinde embriyo implantasyonunu zorla\u015ft\u0131rabilen enflamasyon s\u00fcre\u00e7lerini ba\u015flatabilir. PRP enjeksiyonlar\u0131n\u0131n uygulanmas\u0131 rahimdeki enflamasyon s\u00fcre\u00e7lerini ortadan kald\u0131rmaya yard\u0131mc\u0131d\u0131r, ayr\u0131ca endometriyumun d\u00fczg\u00fcn b\u00fcy\u00fcmesini uyaran progesteron resept\u00f6rlerinin aktivitesini art\u0131r\u0131r ve dolay\u0131s\u0131yla embriyolar\u0131n implantasyonuna yard\u0131mc\u0131 olur. Bu tedaviden sonra daha iyi sonu\u00e7larla t\u00fcp bebek tedavisine devam etmek m\u00fcmk\u00fcnd\u00fcr.<\/li>\n\n\n\n<li>PRP tedavisi over yetmezli\u011fi sendromunda, over rejuvenasyonunu g\u00fc\u00e7lendirir. PRP menopoz ve perimenopozal d\u00f6nemdeki kad\u0131nlar\u0131n overlerine enjekte edildi\u011finde, menstr\u00fcel siklusu yeniden ba\u015flatmak m\u00fcmk\u00fcnd\u00fcr, bu da overlerde \u00fcretilen yumurtalar\u0131n toplanmas\u0131n\u0131 ve ard\u0131ndan fertilizasyonunu m\u00fcmk\u00fcn k\u0131lar.<\/li>\n<\/ul>\n\n\n\n<p>Bu yenilik\u00e7i teknik do\u011furganl\u0131k ya\u015f\u0131 ilerlemi\u015f veya over yetmezli\u011fi sendromu olan kad\u0131nlara yard\u0131mc\u0131 olabilir. Ancak PRP tedavisinin yard\u0131mc\u0131 \u00fcreme y\u00f6ntemi olmad\u0131\u011f\u0131, belirli durumlarda menstr\u00fcel siklus ve folik\u00fclojenezin yeniden d\u00fczenlenmesi i\u00e7in uygulanan bir teknik oldu\u011fu anla\u015f\u0131lmal\u0131d\u0131r.<\/p>\n\n\n\n<p><strong>PRP Tedavisinin A\u015famalar\u0131<\/strong><\/p>\n\n\n\n<p>PRP tedavisi birka\u00e7 a\u015famada ger\u00e7ekle\u015ftirilir. \u00d6nce hastadan 8-20 ml periferik kan al\u0131n\u0131r. Daha sonra bu kan santrif\u00fcjlenerek ayr\u0131\u015ft\u0131r\u0131l\u0131r. Eritrositler ve l\u00f6kositler elimine edilerek trombositler yo\u011funla\u015ft\u0131r\u0131l\u0131r. Trombositler daha sonra konsantre edilir. Bu teknik, trombosit konsantrasyonunun periferik kandan 3-5 kat daha y\u00fcksek oldu\u011fu trombosit a\u00e7\u0131s\u0131ndan zengin plazma elde edilmesini sa\u011flar.<\/p>\n\n\n\n<p><strong>Endikasyonlar:<\/strong><\/p>\n\n\n\n<ul class=\"wp-block-list\">\n<li>Kronik endometrit ve endometriyozis<\/li>\n\n\n\n<li>Endometrium\u2019u ba\u015far\u0131l\u0131 bir embriyon transferi i\u00e7in gerekli kal\u0131nl\u0131\u011fa ula\u015famayacak d\u00fczeyde olan, endometrium\u2019u geli\u015fmemi\u015f hastalar.<\/li>\n\n\n\n<li>Menopoz ve perimenopoz d\u00f6nemindeki kad\u0131nlar,<\/li>\n\n\n\n<li>Over yetmezli\u011fi sendromu.<\/li>\n<\/ul>\n\n\n\n<p><strong>PRP Tedavisinin G\u00fcvenilirli\u011fi<\/strong><\/p>\n\n\n\n<p>PRP tedavisinin hi\u00e7bir yan etkisi bulunmam\u0131\u015ft\u0131r. Enjeksiyon i\u00e7in hastan\u0131n kendi kan\u0131 kullan\u0131ld\u0131\u011f\u0131ndan alerjik reaksiyonlar d\u0131\u015flan\u0131r ve tam biyouyumluluk sa\u011flan\u0131r.<\/p>\n\n\n\n<p>PRP enjeksiyonlar\u0131 farkl\u0131 kad\u0131nlarda farkl\u0131 sonu\u00e7lar verir. Bu nedenle PRP tedavisinden sonra ne kadar yumurta elde edilebilece\u011fini s\u00f6ylemek zordur: i\u015flem \u00f6ncesi kad\u0131n\u0131n \u00fcreme sisteminin durumuna ve ayr\u0131ca PRP tedavisine verilen tepkiye ba\u011fl\u0131d\u0131r. Her hal\u00fckarda, yumurtal\u0131klar zaten pratik olarak k\u00f6relmi\u015f haldeyken, menopoz ve perimenopozal kad\u0131nlarda sa\u011flanabilecek kendili\u011finden yumurtlama ve tek yumurta \u00fcretimi bile, kendi yumurtalar\u0131yla hamilelik \u015fans\u0131 verebilece\u011fi i\u00e7in \u00fcreme teknolojilerinde bir d\u00f6n\u00fcm noktas\u0131d\u0131r.<\/p>\n\n\n\n<p>Bu y\u00f6ntem 2015&#8217;ten beri uygulanmaktad\u0131r ve halihaz\u0131rda 700&#8217;den fazla kad\u0131n \u00fczerinde test edilmi\u015ftir; \u00fc\u00e7 uluslararas\u0131 kongrede ilan edilmi\u015ftir, sonu\u00e7lar\u0131 iyidir ve giderek&nbsp; iyile\u015fmektedir.<\/p>\n\n\n\n<p>K\u0131s\u0131rl\u0131k sorunu olan erkekler i\u00e7in PRP tedavisi<\/p>\n\n\n\n<p>\u0130yi bir infertilite merkezi erkek k\u0131s\u0131rl\u0131\u011f\u0131n\u0131n farkl\u0131 sorunlar\u0131 ile ilgilenir. En karma\u015f\u0131k vakalarda k\u0131s\u0131rl\u0131\u011f\u0131 tedavi edebilmek \u00f6nemlidir:<\/p>\n\n\n\n<ul class=\"wp-block-list\">\n<li>Spermde \u00e7ok az say\u0131da spermatozoa varsa (oligozoospermi &lt;10 milyon \/ ml)<\/li>\n\n\n\n<li>Hormon tedavisi \u00f6nerilmedi\u011finde<\/li>\n\n\n\n<li>Hormon tedavisi sonu\u00e7 vermedi\u011finde<\/li>\n<\/ul>\n\n\n\n<p>Genellikle bu gibi durumlarda hamilelik \u015fans\u0131 \u00e7ok azd\u0131r. Ancak testislere PRP tedavisi uygulanarak yeni ve yenilik\u00e7i bir tedavi se\u00e7ene\u011fi yarat\u0131labilir.<\/p>\n\n\n\n<p>Testik\u00fcler PRP Uygulamas\u0131na Neden Gerek Duyulur?<\/p>\n\n\n\n<p>PRP tedavisinin amac\u0131 testislerde yeterince aktif olmayan spermatogenezi (sperm \u00fcretimini) aktive etmektir, bu nedenle sperm kalitesi azal\u0131r ve partnerde gebelik olu\u015fmaz.<br>Bu PRP prosed\u00fcr\u00fc olduk\u00e7a yenidir ve hala deneysel niteliktedir. EndikasyonlarAyr\u0131ca, mevcut verilere g\u00f6re, t\u0131bbi fertilizasyon i\u00e7in testis biyopsisi s\u0131ras\u0131nda sperm elde edilebilecek durumdaki vakalar\u0131n yakla\u015f\u0131k% 50&#8217;sinde ba\u015far\u0131l\u0131 olmaktad\u0131r.<\/p>\n\n\n\n<p>Testislerin yenilik\u00e7i PRP tedavisi, k\u0131s\u0131rl\u0131k te\u015fhisi konulan erkeklerin kendi \u00e7ocuklar\u0131na sahip olmalar\u0131na yard\u0131mc\u0131 olur.<\/p>\n\n\n\n<p><strong>Endikasyonlar<\/strong><\/p>\n\n\n\n<ul class=\"wp-block-list\">\n<li>Oligozoospermi &lt; 10 milyon\/ml<\/li>\n\n\n\n<li>FSH>10, normal veya d\u00fc\u015f\u00fck testosterone d\u00fczeyi<\/li>\n\n\n\n<li>Testik\u00fcler ultrason-ekojenisitede normal veya yayg\u0131n de\u011fi\u015fim, lokal olu\u015fumlar veya dif\u00fcze mikrokalsinozis g\u00f6r\u00fclen hastalar dahil edilmeyecek<\/li>\n\n\n\n<li>Negatif t\u00fcm\u00f6r marker\u2019lar\u0131 (LDH, alfa fenoprotein serbest HCG)<\/li>\n\n\n\n<li>Normal karyotip, negatif Y kromozomu mikrodelezyonu (Oligozoospermi&lt;5 milyon \/ml)<\/li>\n<\/ul>\n\n\n\n<p><strong>Testik\u00fcler PRP Uygulamas\u0131 \u00d6ncesinde Gerekli \u0130ncelemeler:<\/strong><\/p>\n\n\n\n<ul class=\"wp-block-list\">\n<li>Testik\u00fcler ultrason<\/li>\n\n\n\n<li>Kanda FSH, testosteron, LH, SHBG, LDH, alfa-fetoprotein, serbest HCG, tam kan say\u0131m\u0131<\/li>\n\n\n\n<li>Spermogram, DNA fragmentasyon test, HBA testi, Semen\u2019de interl\u00f6kin-6<\/li>\n\n\n\n<li>Androloji kons\u00fcltasyonu<\/li>\n<\/ul>\n\n\n\n<p><a href=\"https:\/\/pubmed.ncbi.nlm.nih.gov\/29486615\/\" target=\"_blank\" rel=\"noopener\">https:\/\/pubmed.ncbi.nlm.nih.gov\/29486615\/<\/a><a href=\"https:\/\/journals.sagepub.com\/doi\/full\/10.1177\/0963689719859539\" target=\"_blank\" rel=\"noopener\">https:\/\/journals.sagepub.com\/doi\/full\/10.1177\/0963689719859539<\/a><\/p>\n\n\n\n<p><\/p>\n","protected":false},"excerpt":{"rendered":"<p>IVF Tedavisine Destek Ama\u00e7l\u0131 PRP Uygulamas\u0131 PRP tedavisi menopoz ve perimenopozal&nbsp; kad\u0131nlarda adet d\u00f6ng\u00fcs\u00fcn\u00fc ve folik\u00fclojenezi iyile\u015ftirmek i\u00e7in uygulan\u0131r. PRP tedavisi (Otolog Platelet Y\u00f6n\u00fcnden Zengin Plazma), hastan\u0131n trombositlerle zenginle\u015ftirilmi\u015f kendi kan plazmas\u0131yla &#8211; \u00e7ok say\u0131da b\u00fcy\u00fcme fakt\u00f6r\u00fcne sahip bir\u00e7ok alfa gran\u00fcl i\u00e7erirler- yap\u0131lan tedavidir. B\u00fcy\u00fcme fakt\u00f6rleri doku yenilenmesinde anahtar rol oynar, h\u00fccre b\u00fcy\u00fcmesini aktive eder [&hellip;]<\/p>\n","protected":false},"author":1,"featured_media":0,"parent":0,"menu_order":0,"comment_status":"closed","ping_status":"closed","template":"","meta":{"footnotes":""},"class_list":["post-240","page","type-page","status-publish","hentry"],"blocksy_meta":[],"_links":{"self":[{"href":"https:\/\/www.regenlabprp.com\/index.php\/wp-json\/wp\/v2\/pages\/240","targetHints":{"allow":["GET"]}}],"collection":[{"href":"https:\/\/www.regenlabprp.com\/index.php\/wp-json\/wp\/v2\/pages"}],"about":[{"href":"https:\/\/www.regenlabprp.com\/index.php\/wp-json\/wp\/v2\/types\/page"}],"author":[{"embeddable":true,"href":"https:\/\/www.regenlabprp.com\/index.php\/wp-json\/wp\/v2\/users\/1"}],"replies":[{"embeddable":true,"href":"https:\/\/www.regenlabprp.com\/index.php\/wp-json\/wp\/v2\/comments?post=240"}],"version-history":[{"count":2,"href":"https:\/\/www.regenlabprp.com\/index.php\/wp-json\/wp\/v2\/pages\/240\/revisions"}],"predecessor-version":[{"id":568,"href":"https:\/\/www.regenlabprp.com\/index.php\/wp-json\/wp\/v2\/pages\/240\/revisions\/568"}],"wp:attachment":[{"href":"https:\/\/www.regenlabprp.com\/index.php\/wp-json\/wp\/v2\/media?parent=240"}],"curies":[{"name":"wp","href":"https:\/\/api.w.org\/{rel}","templated":true}]}}