{"id":152,"date":"2026-01-20T20:30:50","date_gmt":"2026-01-20T20:30:50","guid":{"rendered":"http:\/\/www.regenlabprp.com\/?page_id=152"},"modified":"2026-02-27T14:17:15","modified_gmt":"2026-02-27T14:17:15","slug":"anasayfa","status":"publish","type":"page","link":"https:\/\/www.regenlabprp.com\/","title":{"rendered":"RegenLab T\u00fcrkiye"},"content":{"rendered":"\n<h2 class=\"wp-block-heading\">Regenlab T\u00fcrkiye, RegenLab SA\u2019n\u0131n Resmi T\u00fcrkiye \u015eubesidir.<\/h2>\n\n\n\n\n<div class=\"n2_clear\"><ss3-force-full-width data-overflow-x=\"body\" data-horizontal-selector=\"body\"><div class=\"n2-section-smartslider fitvidsignore  n2_clear\" data-ssid=\"2\"><div id=\"n2-ss-2-align\" class=\"n2-ss-align\"><div class=\"n2-padding\"><div id=\"n2-ss-2\" data-creator=\"Smart Slider 3\" data-responsive=\"fullwidth\" class=\"n2-ss-slider n2-ow n2-has-hover n2notransition  \"><div class=\"n2-ss-slider-wrapper-inside\">\n        <div class=\"n2-ss-slider-1 n2_ss__touch_element n2-ow\">\n            <div class=\"n2-ss-slider-2 n2-ow\">\n                                                <div class=\"n2-ss-slider-3 n2-ow\">\n\n                    <div class=\"n2-ss-slide-backgrounds n2-ow-all\"><div class=\"n2-ss-slide-background\" data-public-id=\"1\" data-mode=\"fill\"><div class=\"n2-ss-slide-background-image\" data-blur=\"0\" data-opacity=\"100\" data-x=\"50\" data-y=\"50\" data-alt=\"\" data-title=\"\"><picture class=\"skip-lazy\" data-skip-lazy=\"1\"><img decoding=\"async\" src=\"\/\/www.regenlabprp.com\/wp-content\/uploads\/2026\/01\/est-bro-kapak.png\" alt=\"\" title=\"\" loading=\"lazy\" class=\"skip-lazy\" data-skip-lazy=\"1\"><\/picture><\/div><div data-color=\"RGBA(255,255,255,0)\" style=\"background-color: RGBA(255,255,255,0);\" class=\"n2-ss-slide-background-color\"><\/div><\/div><div class=\"n2-ss-slide-background\" data-public-id=\"2\" data-mode=\"fill\" aria-hidden=\"true\"><div class=\"n2-ss-slide-background-image\" data-blur=\"0\" data-opacity=\"100\" data-x=\"50\" data-y=\"50\" data-alt=\"\" data-title=\"\"><picture class=\"skip-lazy\" data-skip-lazy=\"1\"><img decoding=\"async\" src=\"\/\/www.regenlabprp.com\/wp-content\/uploads\/2026\/01\/orto-bro-kapak.png\" alt=\"\" title=\"\" loading=\"lazy\" class=\"skip-lazy\" data-skip-lazy=\"1\"><\/picture><\/div><div data-color=\"RGBA(255,255,255,0)\" style=\"background-color: RGBA(255,255,255,0);\" class=\"n2-ss-slide-background-color\"><\/div><\/div><div class=\"n2-ss-slide-background\" data-public-id=\"3\" data-mode=\"fill\" aria-hidden=\"true\"><div class=\"n2-ss-slide-background-image\" data-blur=\"0\" data-opacity=\"100\" data-x=\"50\" data-y=\"50\" data-alt=\"\" data-title=\"\"><picture class=\"skip-lazy\" data-skip-lazy=\"1\"><img decoding=\"async\" src=\"\/\/www.regenlabprp.com\/wp-content\/uploads\/2026\/01\/jin-bro-kapak.png\" alt=\"\" title=\"\" loading=\"lazy\" class=\"skip-lazy\" data-skip-lazy=\"1\"><\/picture><\/div><div data-color=\"RGBA(255,255,255,0)\" style=\"background-color: RGBA(255,255,255,0);\" class=\"n2-ss-slide-background-color\"><\/div><\/div><div class=\"n2-ss-slide-background\" data-public-id=\"4\" data-mode=\"fill\" aria-hidden=\"true\"><div class=\"n2-ss-slide-background-image\" data-blur=\"0\" data-opacity=\"100\" data-x=\"50\" data-y=\"50\" data-alt=\"\" data-title=\"\"><picture class=\"skip-lazy\" data-skip-lazy=\"1\"><img decoding=\"async\" src=\"\/\/www.regenlabprp.com\/wp-content\/uploads\/2026\/01\/uro-bro-kapak.png\" alt=\"\" title=\"\" loading=\"lazy\" class=\"skip-lazy\" data-skip-lazy=\"1\"><\/picture><\/div><div data-color=\"RGBA(255,255,255,0)\" style=\"background-color: RGBA(255,255,255,0);\" class=\"n2-ss-slide-background-color\"><\/div><\/div><div class=\"n2-ss-slide-background\" data-public-id=\"5\" data-mode=\"fill\" aria-hidden=\"true\"><div class=\"n2-ss-slide-background-image\" data-blur=\"0\" data-opacity=\"100\" data-x=\"50\" data-y=\"50\" data-alt=\"\" data-title=\"\"><picture class=\"skip-lazy\" data-skip-lazy=\"1\"><img decoding=\"async\" src=\"\/\/www.regenlabprp.com\/wp-content\/uploads\/2026\/01\/plustech-bro-kapak.png\" alt=\"\" title=\"\" loading=\"lazy\" class=\"skip-lazy\" data-skip-lazy=\"1\"><\/picture><\/div><div data-color=\"RGBA(255,255,255,0)\" style=\"background-color: RGBA(255,255,255,0);\" class=\"n2-ss-slide-background-color\"><\/div><\/div><\/div>                    <div class=\"n2-ss-slider-4 n2-ow\">\n                        <svg xmlns=\"http:\/\/www.w3.org\/2000\/svg\" viewBox=\"0 0 300 450\" data-related-device=\"desktopPortrait\" class=\"n2-ow n2-ss-preserve-size n2-ss-preserve-size--slider n2-ss-slide-limiter\"><\/svg><div data-first=\"1\" data-slide-duration=\"0\" data-id=\"3\" data-slide-public-id=\"1\" data-title=\"est-bro-kapak\" class=\"n2-ss-slide n2-ow  n2-ss-slide-3\"><div role=\"note\" class=\"n2-ss-slide--focus\" tabindex=\"-1\">est-bro-kapak<\/div><div class=\"n2-ss-layers-container n2-ss-slide-limiter n2-ow\"><div class=\"n2-ss-layer n2-ow n-uc-LM9drgOkvtP0\" data-sstype=\"slide\" data-pm=\"default\"><\/div><\/div><\/div><div data-slide-duration=\"0\" data-id=\"5\" data-slide-public-id=\"2\" aria-hidden=\"true\" data-title=\"orto-bro-kapak\" class=\"n2-ss-slide n2-ow  n2-ss-slide-5\"><div role=\"note\" class=\"n2-ss-slide--focus\" tabindex=\"-1\">orto-bro-kapak<\/div><div class=\"n2-ss-layers-container n2-ss-slide-limiter n2-ow\"><div class=\"n2-ss-layer n2-ow n-uc-gAil0lSwapNJ\" data-sstype=\"slide\" data-pm=\"default\"><\/div><\/div><\/div><div data-slide-duration=\"0\" data-id=\"7\" data-slide-public-id=\"3\" aria-hidden=\"true\" data-title=\"jin-bro-kapak\" class=\"n2-ss-slide n2-ow  n2-ss-slide-7\"><div role=\"note\" class=\"n2-ss-slide--focus\" tabindex=\"-1\">jin-bro-kapak<\/div><div class=\"n2-ss-layers-container n2-ss-slide-limiter n2-ow\"><div class=\"n2-ss-layer n2-ow n-uc-DeQsMtZ8fbvD\" data-sstype=\"slide\" data-pm=\"default\"><\/div><\/div><\/div><div data-slide-duration=\"0\" data-id=\"6\" data-slide-public-id=\"4\" aria-hidden=\"true\" data-title=\"uro-bro-kapak\" class=\"n2-ss-slide n2-ow  n2-ss-slide-6\"><div role=\"note\" class=\"n2-ss-slide--focus\" tabindex=\"-1\">uro-bro-kapak<\/div><div class=\"n2-ss-layers-container n2-ss-slide-limiter n2-ow\"><div class=\"n2-ss-layer n2-ow n-uc-U1s8paOYcDAQ\" data-sstype=\"slide\" data-pm=\"default\"><\/div><\/div><\/div><div data-slide-duration=\"0\" data-id=\"4\" data-slide-public-id=\"5\" aria-hidden=\"true\" data-title=\"plustech-bro-kapak\" class=\"n2-ss-slide n2-ow  n2-ss-slide-4\"><div role=\"note\" class=\"n2-ss-slide--focus\" tabindex=\"-1\">plustech-bro-kapak<\/div><div class=\"n2-ss-layers-container n2-ss-slide-limiter n2-ow\"><div class=\"n2-ss-layer n2-ow n-uc-nYoFF3BXPa7p\" data-sstype=\"slide\" data-pm=\"default\"><\/div><\/div><\/div>                    <\/div>\n\n                                    <\/div>\n            <\/div>\n        <\/div>\n        <div class=\"n2-ss-slider-controls n2-ss-slider-controls-absolute-left-center\"><div style=\"--widget-offset:15px;\" class=\"n2-ss-widget nextend-arrow n2-ow-all nextend-arrow-previous  nextend-arrow-animated-fade\" data-hide-mobileportrait=\"1\" id=\"n2-ss-2-arrow-previous\" role=\"button\" aria-label=\"previous arrow\" tabindex=\"0\"><img loading=\"lazy\" decoding=\"async\" width=\"32\" height=\"32\" class=\"skip-lazy\" data-skip-lazy=\"1\" src=\"data:image\/svg+xml;base64,PHN2ZyB3aWR0aD0iMzIiIGhlaWdodD0iMzIiIHZpZXdCb3g9IjAgMCAzMiAzMiIgeG1sbnM9Imh0dHA6Ly93d3cudzMub3JnLzIwMDAvc3ZnIj4KICAgIDxwYXRoIGQ9Ik0xMS40MzMgMTUuOTkyTDIyLjY5IDUuNzEyYy4zOTMtLjM5LjM5My0xLjAzIDAtMS40Mi0uMzkzLS4zOS0xLjAzLS4zOS0xLjQyMyAwbC0xMS45OCAxMC45NGMtLjIxLjIxLS4zLjQ5LS4yODUuNzYtLjAxNS4yOC4wNzUuNTYuMjg0Ljc3bDExLjk4IDEwLjk0Yy4zOTMuMzkgMS4wMy4zOSAxLjQyNCAwIC4zOTMtLjQuMzkzLTEuMDMgMC0xLjQybC0xMS4yNTctMTAuMjkiCiAgICAgICAgICBmaWxsPSIjZmZmZmZmIiBvcGFjaXR5PSIwLjgiIGZpbGwtcnVsZT0iZXZlbm9kZCIvPgo8L3N2Zz4=\" alt=\"previous arrow\"><\/div><\/div><div class=\"n2-ss-slider-controls n2-ss-slider-controls-absolute-right-center\"><div style=\"--widget-offset:15px;\" class=\"n2-ss-widget nextend-arrow n2-ow-all nextend-arrow-next  nextend-arrow-animated-fade\" data-hide-mobileportrait=\"1\" id=\"n2-ss-2-arrow-next\" role=\"button\" aria-label=\"next arrow\" tabindex=\"0\"><img loading=\"lazy\" decoding=\"async\" width=\"32\" height=\"32\" class=\"skip-lazy\" data-skip-lazy=\"1\" src=\"data:image\/svg+xml;base64,PHN2ZyB3aWR0aD0iMzIiIGhlaWdodD0iMzIiIHZpZXdCb3g9IjAgMCAzMiAzMiIgeG1sbnM9Imh0dHA6Ly93d3cudzMub3JnLzIwMDAvc3ZnIj4KICAgIDxwYXRoIGQ9Ik0xMC43MjIgNC4yOTNjLS4zOTQtLjM5LTEuMDMyLS4zOS0xLjQyNyAwLS4zOTMuMzktLjM5MyAxLjAzIDAgMS40MmwxMS4yODMgMTAuMjgtMTEuMjgzIDEwLjI5Yy0uMzkzLjM5LS4zOTMgMS4wMiAwIDEuNDIuMzk1LjM5IDEuMDMzLjM5IDEuNDI3IDBsMTIuMDA3LTEwLjk0Yy4yMS0uMjEuMy0uNDkuMjg0LS43Ny4wMTQtLjI3LS4wNzYtLjU1LS4yODYtLjc2TDEwLjcyIDQuMjkzeiIKICAgICAgICAgIGZpbGw9IiNmZmZmZmYiIG9wYWNpdHk9IjAuOCIgZmlsbC1ydWxlPSJldmVub2RkIi8+Cjwvc3ZnPg==\" alt=\"next arrow\"><\/div><\/div><\/div><\/div><ss3-loader><\/ss3-loader><\/div><\/div><div class=\"n2_clear\"><\/div><\/div><\/ss3-force-full-width><\/div>\n\n\n<p>Regenlab T\u00fcrkiye \u0130svi\u00e7re merkezli RegenLab SA\u2019n\u0131n T\u00fcrkiye\u2019deki resmi \u015fube yap\u0131lanmas\u0131 olarak, klinik e\u011fitim ve uygulama ruhsatlama, ithalat ve da\u011f\u0131t\u0131m s\u00fcre\u00e7lerini y\u00fcr\u00fct\u00fcr; klinik etkinli\u011fi kan\u0131tlanm\u0131\u015f t\u0131bbi cihaz \u00e7\u00f6z\u00fcmlerini T\u00fcrkiye\u2019ye sunar. <\/p>\n\n\n\n<p><strong>Resmi Yetki ve Temsil<\/strong><br>Regenlab T\u00fcrkiye Regenlab SA&#8217;y\u0131 T\u00fcrkiye&#8217;de temsil eden tek yetkili kurulu\u015ftur. 2019 y\u0131l\u0131nda kurulmu\u015f olan Regenlab T\u00fcrkiye \u0130stanbul yerle\u015fimli merkez ofisi ve bayi a\u011f\u0131yla t\u00fcm T\u00fcrkiye&#8217;de oldu\u011fu gibi Kuzey K\u0131br\u0131s T\u00fcrk Cumhuriyeti, Azerbaycan ve G\u00fcrcistan&#8217;da hizmet vermektedir.<\/p>\n\n\n\n<figure class=\"wp-block-image size-large\"><img loading=\"lazy\" decoding=\"async\" width=\"1024\" height=\"556\" src=\"http:\/\/www.regenlabprp.com\/wp-content\/uploads\/2026\/02\/rltr-faaliyet-alanlari-e1772128275649-1024x556.png\" alt=\"\" class=\"wp-image-749\" srcset=\"https:\/\/www.regenlabprp.com\/wp-content\/uploads\/2026\/02\/rltr-faaliyet-alanlari-e1772128275649-1024x556.png 1024w, https:\/\/www.regenlabprp.com\/wp-content\/uploads\/2026\/02\/rltr-faaliyet-alanlari-e1772128275649-300x163.png 300w, https:\/\/www.regenlabprp.com\/wp-content\/uploads\/2026\/02\/rltr-faaliyet-alanlari-e1772128275649-768x417.png 768w, https:\/\/www.regenlabprp.com\/wp-content\/uploads\/2026\/02\/rltr-faaliyet-alanlari-e1772128275649.png 1450w\" sizes=\"auto, (max-width: 1024px) 100vw, 1024px\" \/><\/figure>\n\n\n\n<p><strong>Klinik E\u011fitim ve Standardizasyon<\/strong><br>Kliniklerde \u00fcr\u00fcn sistemlerimizle ilgili sunumlar ve uygulamal\u0131 e\u011fitimler y\u00fcr\u00fct\u00fcr, merkezin gereklilikleri do\u011frultusunda belgelendirme s\u00fcre\u00e7lerini takip etmekteyiz.<\/p>\n\n\n\n<p><strong>Reg\u00fclasyon ve Klinik Kan\u0131t<\/strong><br>CE belgeli, ISO 13485 altyap\u0131s\u0131yla \u00fcretilen; MDD\u2019den MDR\u2019ye ge\u00e7i\u015f haz\u0131rl\u0131klar\u0131n\u0131 tamamlam\u0131\u015f bir \u00fcreticinin <strong>\u201cetkisi ve g\u00fcvenilirli\u011fi klinik \u00e7al\u0131\u015fmalarla desteklenmi\u015f\u201d <\/strong>t\u0131bbi cihaz \u00e7\u00f6z\u00fcmlerini temsil etmektedir.<\/p>\n\n\n\n<p>Rejeneratif t\u0131p ve PRP alan\u0131nda global referans kabul edilen RegenLab SA\u2019n\u0131n T\u00fcrkiye yap\u0131lanmas\u0131 olarak, g\u00fcvenilir \u00fcr\u00fcn altyap\u0131s\u0131n\u0131 klinik sahaya do\u011fru e\u011fitim ve standartlarla ta\u015f\u0131may\u0131 hedefliyoruz.<\/p>\n\n\n\n<h3 class=\"wp-block-heading\"><\/h3>\n\n\n\n<p class=\"has-text-align-center has-white-color has-text-color has-background has-link-color has-medium-font-size wp-elements-8976ae24d69c29e57cc92f5bf6efbb98\" style=\"border-width:5px;background:linear-gradient(-225deg,rgb(35,21,87) 0%,rgb(68,16,122) 29%,rgb(255,19,97) 99%,rgb(255,248,0) 100%)\"><strong>DANI\u015eAN B\u0130LG\u0130LEND\u0130RMES\u0130<\/strong><br>Bu web sitesi t\u0131bbi bilgilendirme ama\u00e7l\u0131d\u0131r. <strong>RegenLab T\u00fcrkiye bir uygulama merkezi de\u011fildir.<\/strong><br>Bireysel hasta de\u011ferlendirmesi, tedavi planlamas\u0131, tedavi \u00f6nerisi veya doktor y\u00f6nlendirmesi yap\u0131lmamaktad\u0131r.<br>Tan\u0131 ve tedavi s\u00fcre\u00e7leri yaln\u0131zca ilgili uzman hekim taraf\u0131ndan y\u00fcr\u00fct\u00fclmelidir. <strong>Dan\u0131\u015fanlar i\u00e7in gerekli bilgiler, uygulama \u00f6ncesi ve sonras\u0131 yap\u0131lmas\u0131 gerekenler gibi konular i\u00e7in yukar\u0131da yer alan<\/strong> <a href=\"https:\/\/www.regenlabprp.com\/index.php\/danisanlar-icin-gerekli-bilgiler\/\">&#8220;<strong>dan\u0131\u015fanlar i\u00e7in&#8221;<\/strong><\/a><strong>sekmesine gidebilirsiniz<\/strong><\/p>\n\n\n\n<p class=\"has-small-font-size\"><\/p>\n\n\n\n<hr class=\"wp-block-separator has-alpha-channel-opacity\"\/>\n\n\n\n<p><\/p>\n","protected":false},"excerpt":{"rendered":"<p>Regenlab T\u00fcrkiye, RegenLab SA\u2019n\u0131n Resmi T\u00fcrkiye \u015eubesidir. Regenlab T\u00fcrkiye \u0130svi\u00e7re merkezli RegenLab SA\u2019n\u0131n T\u00fcrkiye\u2019deki resmi \u015fube yap\u0131lanmas\u0131 olarak, klinik e\u011fitim ve uygulama ruhsatlama, ithalat ve da\u011f\u0131t\u0131m s\u00fcre\u00e7lerini y\u00fcr\u00fct\u00fcr; klinik etkinli\u011fi kan\u0131tlanm\u0131\u015f t\u0131bbi cihaz \u00e7\u00f6z\u00fcmlerini T\u00fcrkiye\u2019ye sunar. Resmi Yetki ve TemsilRegenlab T\u00fcrkiye Regenlab SA&#8217;y\u0131 T\u00fcrkiye&#8217;de temsil eden tek yetkili kurulu\u015ftur. 2019 y\u0131l\u0131nda kurulmu\u015f olan Regenlab T\u00fcrkiye [&hellip;]<\/p>\n","protected":false},"author":1,"featured_media":0,"parent":0,"menu_order":1,"comment_status":"closed","ping_status":"closed","template":"","meta":{"footnotes":""},"class_list":["post-152","page","type-page","status-publish","hentry"],"blocksy_meta":[],"_links":{"self":[{"href":"https:\/\/www.regenlabprp.com\/index.php\/wp-json\/wp\/v2\/pages\/152","targetHints":{"allow":["GET"]}}],"collection":[{"href":"https:\/\/www.regenlabprp.com\/index.php\/wp-json\/wp\/v2\/pages"}],"about":[{"href":"https:\/\/www.regenlabprp.com\/index.php\/wp-json\/wp\/v2\/types\/page"}],"author":[{"embeddable":true,"href":"https:\/\/www.regenlabprp.com\/index.php\/wp-json\/wp\/v2\/users\/1"}],"replies":[{"embeddable":true,"href":"https:\/\/www.regenlabprp.com\/index.php\/wp-json\/wp\/v2\/comments?post=152"}],"version-history":[{"count":46,"href":"https:\/\/www.regenlabprp.com\/index.php\/wp-json\/wp\/v2\/pages\/152\/revisions"}],"predecessor-version":[{"id":761,"href":"https:\/\/www.regenlabprp.com\/index.php\/wp-json\/wp\/v2\/pages\/152\/revisions\/761"}],"wp:attachment":[{"href":"https:\/\/www.regenlabprp.com\/index.php\/wp-json\/wp\/v2\/media?parent=152"}],"curies":[{"name":"wp","href":"https:\/\/api.w.org\/{rel}","templated":true}]}}